{"id":137,"date":"2023-03-06T15:21:02","date_gmt":"2023-03-06T15:21:02","guid":{"rendered":"https:\/\/motobox314.com\/?page_id=137"},"modified":"2023-05-01T16:18:25","modified_gmt":"2023-05-01T16:18:25","slug":"quienes-somos","status":"publish","type":"page","link":"https:\/\/motobox314.com\/en\/quienes-somos","title":{"rendered":"Quienes somos"},"content":{"rendered":"<p>[et_pb_section fb_built=\u00bb1&#8243; specialty=\u00bbon\u00bb custom_padding_last_edited=\u00bbon|desktop\u00bb padding_top_1=\u00bb0px\u00bb padding_2_tablet=\u00bb|||10vw\u00bb padding_2_phone=\u00bb\u00bb padding_2_last_edited=\u00bbon|tablet\u00bb admin_label=\u00bbHeader\u00bb _builder_version=\u00bb4.16&#8243; background_color=\u00bb#eaeaf1&#8243; inner_width=\u00bb100%\u00bb inner_max_width=\u00bb100%\u00bb min_height=\u00bb1470.8px\u00bb custom_padding=\u00bb0px|10vw|1px|||\u00bb custom_padding_tablet=\u00bb|||\u00bb custom_padding_phone=\u00bb\u00bb locked=\u00bboff\u00bb global_colors_info=\u00bb{}\u00bb][et_pb_column type=\u00bb1_2&#8243; _builder_version=\u00bb4.16&#8243; custom_padding=\u00bb|||\u00bb global_colors_info=\u00bb{}\u00bb custom_padding__hover=\u00bb|||\u00bb][et_pb_image src=\u00bbhttps:\/\/motobox314.com\/wp-content\/uploads\/2023\/03\/mechanic-73.png\u00bb title_text=\u00bbquienes-somos-01&#8243; align_tablet=\u00bbcenter\u00bb align_phone=\u00bbcenter\u00bb align_last_edited=\u00bbon|desktop\u00bb _builder_version=\u00bb4.20.0&#8243; background_image=\u00bbhttps:\/\/motobox314.com\/wp-content\/uploads\/2023\/03\/quienes-somos-01-scaled.jpg\u00bb parallax=\u00bbon\u00bb custom_margin=\u00bb|-50vw||\u00bb custom_margin_tablet=\u00bb|0vw||\u00bb custom_margin_phone=\u00bb\u00bb custom_margin_last_edited=\u00bbon|desktop\u00bb hover_enabled=\u00bb0&#8243; locked=\u00bboff\u00bb global_colors_info=\u00bb{}\u00bb sticky_enabled=\u00bb0&#8243;][\/et_pb_image][et_pb_image src=\u00bbhttps:\/\/motobox314.com\/wp-content\/uploads\/2023\/03\/mechanic-80.png\u00bb title_text=\u00bbmechanic-80&#8243; _builder_version=\u00bb4.21.0&#8243; _module_preset=\u00bbdefault\u00bb background_image=\u00bbhttps:\/\/motobox314.com\/wp-content\/uploads\/2023\/04\/moto-quienes-somos.jpg\u00bb width=\u00bb70%\u00bb height=\u00bb552px\u00bb custom_margin=\u00bb|||14%|false|false\u00bb hover_enabled=\u00bb0&#8243; border_width_all=\u00bb30px\u00bb border_color_all=\u00bb#FFFFFF\u00bb border_width_top=\u00bb30px\u00bb border_color_top=\u00bb#FFFFFF\u00bb global_colors_info=\u00bb{}\u00bb width_last_edited=\u00bbon|phone\u00bb width_phone=\u00bb100%\u00bb custom_margin_last_edited=\u00bbon|phone\u00bb sticky_enabled=\u00bb0&#8243; custom_margin_phone=\u00bb|||5%|false|false\u00bb width_tablet=\u00bb70%\u00bb custom_margin_tablet=\u00bb|||14%|false|false\u00bb][\/et_pb_image][\/et_pb_column][et_pb_column type=\u00bb1_2&#8243; specialty_columns=\u00bb2&#8243; _builder_version=\u00bb4.16&#8243; custom_padding=\u00bb|||\u00bb global_colors_info=\u00bb{}\u00bb custom_padding__hover=\u00bb|||\u00bb][et_pb_row_inner custom_padding_last_edited=\u00bbon|phone\u00bb _builder_version=\u00bb4.21.0&#8243; background_color=\u00bb#f71635&#8243; max_width=\u00bb600px\u00bb min_height=\u00bb1249.8px\u00bb custom_margin=\u00bb10vw|||\u00bb custom_margin_tablet=\u00bb-40vw||\u00bb custom_margin_phone=\u00bb4vw||||false|false\u00bb custom_margin_last_edited=\u00bbon|phone\u00bb custom_padding=\u00bb80px|60px|80px|60px|true|false\u00bb custom_padding_tablet=\u00bb60px|50px|60px|50px|true|true\u00bb custom_padding_phone=\u00bb50px|||40px\u00bb hover_enabled=\u00bb0&#8243; box_shadow_style=\u00bbpreset2&#8243; box_shadow_vertical=\u00bb28px\u00bb box_shadow_blur=\u00bb40px\u00bb box_shadow_color=\u00bbrgba(0,0,0,0.1)\u00bb global_colors_info=\u00bb{}\u00bb sticky_enabled=\u00bb0&#8243;][et_pb_column_inner saved_specialty_column_type=\u00bb1_2&#8243; _builder_version=\u00bb4.16&#8243; custom_padding=\u00bb|||\u00bb global_colors_info=\u00bb{}\u00bb custom_padding__hover=\u00bb|||\u00bb][et_pb_text _builder_version=\u00bb4.16&#8243; text_font=\u00bb||||||||\u00bb header_font=\u00bbKhand|700||on|||||\u00bb header_font_size=\u00bb80px\u00bb background_layout=\u00bbdark\u00bb header_font_size_tablet=\u00bb60px\u00bb header_font_size_phone=\u00bb40px\u00bb header_font_size_last_edited=\u00bbon|phone\u00bb locked=\u00bboff\u00bb global_colors_info=\u00bb{}\u00bb]<\/p>\n<h1>Quienes somos<\/h1>\n<p>[\/et_pb_text][et_pb_divider color=\u00bb#ffffff\u00bb divider_style=\u00bbdouble\u00bb divider_weight=\u00bb10px\u00bb _builder_version=\u00bb4.16&#8243; transform_skew=\u00bb-20deg|0deg\u00bb max_width=\u00bb100px\u00bb height=\u00bb10px\u00bb locked=\u00bboff\u00bb global_colors_info=\u00bb{}\u00bb][\/et_pb_divider][et_pb_text _builder_version=\u00bb4.20.2&#8243; text_font=\u00bb||||||||\u00bb text_line_height=\u00bb2em\u00bb text_orientation=\u00bbjustified\u00bb background_layout=\u00bbdark\u00bb locked=\u00bboff\u00bb global_colors_info=\u00bb{}\u00bb]<\/p>\n<p>Bienvenidos a nuestra empresa de <strong>reparaci\u00f3n y venta de motos<\/strong>.<\/p>\n<p>Somos un <strong>equipo de especialistas<\/strong> entusiastas con amplia experiencia en el sector de la venta y reparaci\u00f3n de motocicletas.<\/p>\n<p>Adem\u00e1s de la reparaci\u00f3n, tambi\u00e9n ofrecemos una gran variedad de servicios como la mejora de las mismas, venta de motos reacondicionadas y <strong>venta de complementos y t\u00e9xtil.<\/strong><\/p>\n<p>Nuestro objetivo es proporcionar a nuestros clientes un servicio integral para sus necesidades en el mundo de las motos, con la mayor profesionalidad y eficacia.<\/p>\n<p>&nbsp;<\/p>\n<p>[\/et_pb_text][et_pb_image src=\u00bbhttps:\/\/motobox314.com\/wp-content\/uploads\/2023\/03\/quienes-somos-1.jpg\u00bb title_text=\u00bbquienes-somos\u00bb align=\u00bbright\u00bb force_fullwidth=\u00bbon\u00bb _builder_version=\u00bb4.20.0&#8243; background_enable_image=\u00bboff\u00bb parallax=\u00bbon\u00bb width_tablet=\u00bb70%\u00bb width_phone=\u00bb\u00bb width_last_edited=\u00bbon|tablet\u00bb custom_padding=\u00bb|||\u00bb always_center_on_mobile=\u00bboff\u00bb locked=\u00bboff\u00bb global_colors_info=\u00bb{}\u00bb][\/et_pb_image][et_pb_text _builder_version=\u00bb4.20.2&#8243; _module_preset=\u00bbdefault\u00bb text_text_color=\u00bb#FFFFFF\u00bb text_orientation=\u00bbjustified\u00bb global_colors_info=\u00bb{}\u00bb]<\/p>\n<p>En nuestro taller, ponemos especial \u00e9nfasis en la calidad de nuestros servicios, y trabajamos con las mejores marcas y productos del mercado para ofrecer los mejores resultados. As\u00ed, aseguramos a nuestros clientes que sus motos saldr\u00e1n de nuestro taller como nuevas.<\/p>\n<p>Nos mantenernos al d\u00eda en las \u00faltimas tecnolog\u00edas y t\u00e9cnicas de reparaci\u00f3n, y seguimos form\u00e1ndonos para ofrecer los mejores servicios posibles.<\/p>\n<p>La satisfacci\u00f3n de nuestros clientes es nuestra prioridad, y estamos orgullosos de poder decir que tenemos un gran grupo de clientes satisfechos.<\/p>\n<p>[\/et_pb_text][\/et_pb_column_inner][\/et_pb_row_inner][\/et_pb_column][\/et_pb_section][et_pb_section fb_built=\u00bb1&#8243; admin_label=\u00bbVideo\u00bb _builder_version=\u00bb4.16&#8243; background_color=\u00bb#eaeaf1&#8243; custom_padding=\u00bb0px||0px|||\u00bb global_colors_info=\u00bb{}\u00bb][et_pb_row column_structure=\u00bb1_3,2_3&#8243; _builder_version=\u00bb4.16&#8243; width=\u00bb90%\u00bb max_width=\u00bb1800px\u00bb module_alignment=\u00bbright\u00bb custom_padding=\u00bb2px|||||\u00bb use_custom_width=\u00bbon\u00bb locked=\u00bboff\u00bb global_colors_info=\u00bb{}\u00bb][et_pb_column type=\u00bb1_3&#8243; _builder_version=\u00bb4.16&#8243; custom_padding=\u00bb100px||40px|\u00bb global_colors_info=\u00bb{}\u00bb custom_padding__hover=\u00bb|||\u00bb][et_pb_text _builder_version=\u00bb4.20.2&#8243; header_font=\u00bb||||||||\u00bb header_2_font=\u00bbKhand|700||on|||||\u00bb header_2_font_size=\u00bb60px\u00bb header_2_line_height=\u00bb1.2em\u00bb custom_margin=\u00bb-36px||||false|false\u00bb custom_margin_tablet=\u00bb0px|||10vw\u00bb custom_margin_last_edited=\u00bboff|phone\u00bb header_2_font_size_tablet=\u00bb40px\u00bb header_2_font_size_phone=\u00bb30px\u00bb header_2_font_size_last_edited=\u00bbon|desktop\u00bb locked=\u00bboff\u00bb global_colors_info=\u00bb{}\u00bb]<\/p>\n<h2>nuestro compromiso<\/h2>\n<p>[\/et_pb_text][et_pb_divider color=\u00bb#f71635&#8243; divider_style=\u00bbdouble\u00bb divider_weight=\u00bb10px\u00bb _builder_version=\u00bb4.16&#8243; transform_skew=\u00bb-20deg|0deg\u00bb max_width=\u00bb100px\u00bb height=\u00bb10px\u00bb locked=\u00bboff\u00bb global_colors_info=\u00bb{}\u00bb][\/et_pb_divider][et_pb_text _builder_version=\u00bb4.20.2&#8243; text_font=\u00bb|300|||||||\u00bb text_line_height=\u00bb2em\u00bb header_font=\u00bb||||||||\u00bb header_2_font=\u00bbKhand|700||on|||||\u00bb header_2_font_size=\u00bb30px\u00bb header_2_line_height=\u00bb1.2em\u00bb text_orientation=\u00bbjustified\u00bb custom_margin_tablet=\u00bb|||60vw\u00bb custom_margin_last_edited=\u00bboff|phone\u00bb custom_padding=\u00bb||0px|||\u00bb header_2_font_size_tablet=\u00bb20px\u00bb header_2_font_size_phone=\u00bb18px\u00bb header_2_font_size_last_edited=\u00bbon|phone\u00bb locked=\u00bboff\u00bb global_colors_info=\u00bb{}\u00bb]<\/p>\n<p>En <strong>MOTOBOX\/314<\/strong>, estamos comprometidos con nuestros clientes. Somos conscientes de que las motos son algo m\u00e1s que un medio de transporte: son un <strong>estilo de vida<\/strong> y una <strong>pasi\u00f3n<\/strong> para muchos.<\/p>\n<p>Es por esto que estamos comprometidos con la calidad en todos nuestros servicios y la al cliente. Queremos que se sientan c\u00f3modos y confiados cuando nos entregan su moto para una <strong>reparaci\u00f3n, mejora o venta<\/strong>.<\/p>\n<p>Adem\u00e1s, nos esforzamos por mantenernos actualizados con las <strong>\u00faltimas tecnolog\u00edas y tendencias<\/strong> del sector para poder ofrecer a nuestros clientes las mejores soluciones posibles y mantener sus motos en el mejor estado posible.<\/p>\n<p>Por \u00faltimo, tambi\u00e9n nos preocupa la <strong>sostenibilidad y la protecci\u00f3n del medio ambiente<\/strong>. Por eso trabajamos con productos y tecnolog\u00edas eco-friendly, y nos aseguramos de gestionar de forma responsable los residuos generados en el taller.<\/p>\n<p>En resumen, nuestra misi\u00f3n es proporcionar un servicio de reparaci\u00f3n y venta de motos de calidad, eficiente y personalizado, que satisfar\u00e1 las necesidades de nuestros clientes.<\/p>\n<p>[\/et_pb_text][\/et_pb_column][et_pb_column type=\u00bb2_3&#8243; _builder_version=\u00bb4.16&#8243; custom_padding=\u00bb|||\u00bb global_colors_info=\u00bb{}\u00bb custom_padding__hover=\u00bb|||\u00bb][et_pb_image src=\u00bbhttps:\/\/motobox314.com\/wp-content\/uploads\/2023\/03\/mechanic-74-1.png\u00bb title_text=\u00bbmechanic-74-1&#8243; _builder_version=\u00bb4.20.2&#8243; _module_preset=\u00bbdefault\u00bb background_image=\u00bbhttps:\/\/motobox314.com\/wp-content\/uploads\/2023\/04\/nuestro-compromiso.jpg\u00bb width=\u00bb90%\u00bb module_alignment=\u00bbright\u00bb border_color_all=\u00bb#021827&#8243; global_colors_info=\u00bb{}\u00bb][\/et_pb_image][\/et_pb_column][\/et_pb_row][\/et_pb_section][et_pb_section fb_built=\u00bb1&#8243; admin_label=\u00bbGallery\u00bb _builder_version=\u00bb4.16&#8243; background_color=\u00bb#eaeaf1&#8243; background_image=\u00bbhttps:\/\/motobox314.com\/wp-content\/uploads\/2023\/03\/mechanic-19.png\u00bb background_size=\u00bbinitial\u00bb background_position=\u00bbbottom_right\u00bb custom_padding=\u00bb0px|0px|0|0px|false|false\u00bb global_colors_info=\u00bb{}\u00bb][et_pb_row _builder_version=\u00bb4.16&#8243; custom_margin=\u00bb-46vw|auto||auto||\u00bb global_colors_info=\u00bb{}\u00bb][et_pb_column type=\u00bb4_4&#8243; _builder_version=\u00bb4.16&#8243; custom_padding=\u00bb|||\u00bb global_colors_info=\u00bb{}\u00bb custom_padding__hover=\u00bb|||\u00bb][et_pb_text _builder_version=\u00bb4.21.0&#8243; header_font=\u00bb||||||||\u00bb header_2_font=\u00bbKhand|700||on|||||\u00bb header_2_font_size=\u00bb60px\u00bb header_2_line_height=\u00bb1.2em\u00bb max_width=\u00bb400px\u00bb custom_margin_tablet=\u00bb0px|||10vw\u00bb custom_margin_phone=\u00bb||||false|false\u00bb custom_margin_last_edited=\u00bbon|phone\u00bb hover_enabled=\u00bb0&#8243; header_2_font_size_tablet=\u00bb40px\u00bb header_2_font_size_phone=\u00bb30px\u00bb header_2_font_size_last_edited=\u00bbon|desktop\u00bb global_colors_info=\u00bb{}\u00bb sticky_enabled=\u00bb0&#8243; z_index_last_edited=\u00bbon|phone\u00bb positioning_last_edited=\u00bbon|phone\u00bb position_origin_a_last_edited=\u00bbon|phone\u00bb position_origin_f_last_edited=\u00bbon|phone\u00bb position_origin_r_last_edited=\u00bbon|phone\u00bb width_last_edited=\u00bbon|phone\u00bb width_phone=\u00bb100%\u00bb positioning_phone=\u00bbabsolute\u00bb]<\/p>\n<h2>FILOSOF\u00cdA<\/h2>\n<p>[\/et_pb_text][et_pb_divider color=\u00bb#f71635&#8243; divider_style=\u00bbdouble\u00bb divider_weight=\u00bb10px\u00bb _builder_version=\u00bb4.21.0&#8243; transform_skew=\u00bb-20deg|0deg\u00bb max_width=\u00bb100px\u00bb height=\u00bb10px\u00bb hover_enabled=\u00bb0&#8243; locked=\u00bboff\u00bb global_colors_info=\u00bb{}\u00bb disabled_on=\u00bbon|off|off\u00bb sticky_enabled=\u00bb0&#8243;][\/et_pb_divider][\/et_pb_column][\/et_pb_row][\/et_pb_section][et_pb_section fb_built=\u00bb1&#8243; specialty=\u00bbon\u00bb padding_top_1=\u00bb0px\u00bb padding_top_2=\u00bb100px\u00bb padding_bottom_1=\u00bb0px\u00bb padding_2_tablet=\u00bb0px|||10vw\u00bb padding_2_phone=\u00bb\u00bb padding_2_last_edited=\u00bbon|tablet\u00bb admin_label=\u00bbWhat We Do\u00bb _builder_version=\u00bb4.16&#8243; background_color=\u00bb#021827&#8243; inner_width=\u00bb100%\u00bb inner_max_width=\u00bb100%\u00bb custom_margin=\u00bb0px||0px\u00bb custom_padding=\u00bb0px|10vw|29px|||\u00bb use_custom_width=\u00bbon\u00bb width_unit=\u00bboff\u00bb custom_width_percent=\u00bb100%\u00bb global_colors_info=\u00bb{}\u00bb][et_pb_column type=\u00bb1_2&#8243; _builder_version=\u00bb4.16&#8243; custom_padding=\u00bb|||\u00bb global_colors_info=\u00bb{}\u00bb custom_padding__hover=\u00bb|||\u00bb][et_pb_image src=\u00bbhttps:\/\/motobox314.com\/wp-content\/uploads\/2023\/03\/mechanic-84.png\u00bb align=\u00bbright\u00bb force_fullwidth=\u00bbon\u00bb _builder_version=\u00bb4.20.2&#8243; background_image=\u00bbhttps:\/\/motobox314.com\/wp-content\/uploads\/2023\/03\/mechanic-58.jpg\u00bb parallax=\u00bbon\u00bb max_width_tablet=\u00bb60%\u00bb max_width_last_edited=\u00bboff|desktop\u00bb max_height_tablet=\u00bbnone\u00bb max_height_phone=\u00bb\u00bb max_height_last_edited=\u00bbon|tablet\u00bb custom_margin=\u00bb0px||0px\u00bb hover_enabled=\u00bb0&#8243; always_center_on_mobile=\u00bboff\u00bb global_colors_info=\u00bb{}\u00bb sticky_enabled=\u00bb0&#8243;][\/et_pb_image][et_pb_image src=\u00bbhttps:\/\/motobox314.com\/wp-content\/uploads\/2023\/03\/mechanic-80.png\u00bb title_text=\u00bbmechanic-80&#8243; _builder_version=\u00bb4.20.4&#8243; _module_preset=\u00bbdefault\u00bb background_image=\u00bbhttps:\/\/motobox314.com\/wp-content\/uploads\/2023\/04\/filosofia.png\u00bb width=\u00bb74%\u00bb module_alignment=\u00bbcenter\u00bb custom_margin=\u00bb-84%||||false|false\u00bb custom_padding=\u00bb||||false|false\u00bb border_width_all=\u00bb13px\u00bb border_color_all=\u00bb#FFFFFF\u00bb global_colors_info=\u00bb{}\u00bb][\/et_pb_image][\/et_pb_column][et_pb_column type=\u00bb1_2&#8243; specialty_columns=\u00bb2&#8243; _builder_version=\u00bb4.16&#8243; custom_padding=\u00bb|||\u00bb global_colors_info=\u00bb{}\u00bb custom_padding__hover=\u00bb|||\u00bb][et_pb_row_inner _builder_version=\u00bb4.16&#8243; max_width=\u00bb520px\u00bb global_colors_info=\u00bb{}\u00bb][et_pb_column_inner saved_specialty_column_type=\u00bb1_2&#8243; _builder_version=\u00bb4.16&#8243; custom_padding=\u00bb|||\u00bb global_colors_info=\u00bb{}\u00bb custom_padding__hover=\u00bb|||\u00bb][et_pb_blurb title=\u00bbServicio personalizado\u00bb use_icon=\u00bbon\u00bb font_icon=\u00bb&#xf562;||fa||900&#8243; icon_color=\u00bb#d90102&#8243; image_icon_width=\u00bb40px\u00bb _builder_version=\u00bb4.20.2&#8243; header_font=\u00bb|700||on|||||\u00bb header_font_size=\u00bb14px\u00bb header_letter_spacing=\u00bb2px\u00bb header_line_height=\u00bb2em\u00bb body_text_align=\u00bbleft\u00bb text_orientation=\u00bbcenter\u00bb background_layout=\u00bbdark\u00bb min_height=\u00bb34px\u00bb animation=\u00bboff\u00bb image_max_width=\u00bb40px\u00bb global_colors_info=\u00bb{}\u00bb]<\/p>\n<p>En nuestra empresa creemos en la importancia de proporcionar un servicio personalizado a nuestros clientes. Nos tomamos el tiempo para escuchar sus necesidades y ofrecerle soluciones que sean espec\u00edficas para ustedes y sus motos.<\/p>\n<p>[\/et_pb_blurb][et_pb_blurb title=\u00bbCalidad\u00bb use_icon=\u00bbon\u00bb font_icon=\u00bb&#xf559;||fa||900&#8243; icon_color=\u00bb#d90102&#8243; image_icon_width=\u00bb40px\u00bb _builder_version=\u00bb4.20.2&#8243; header_font=\u00bb|700||on|||||\u00bb header_font_size=\u00bb14px\u00bb header_letter_spacing=\u00bb2px\u00bb header_line_height=\u00bb2em\u00bb body_text_align=\u00bbleft\u00bb text_orientation=\u00bbcenter\u00bb background_layout=\u00bbdark\u00bb min_height=\u00bb34px\u00bb animation=\u00bboff\u00bb image_max_width=\u00bb40px\u00bb global_colors_info=\u00bb{}\u00bb]<\/p>\n<p>Estamos comprometidos con la prestaci\u00f3n de los mejores servicios de reparaci\u00f3n y venta de motos posible. Utilizamos s\u00f3lo las mejores herramientas y equipos y aseguramos que nuestros profesionales est\u00e9n bien entrenados para proporcionarle los mejores servicios<\/p>\n<p>[\/et_pb_blurb][et_pb_blurb title=\u00bbOrientaci\u00f3n al cliente\u00bb use_icon=\u00bbon\u00bb font_icon=\u00bb&#xf4c4;||fa||900&#8243; icon_color=\u00bb#d90102&#8243; image_icon_width=\u00bb40px\u00bb _builder_version=\u00bb4.20.2&#8243; header_font=\u00bb|700||on|||||\u00bb header_font_size=\u00bb14px\u00bb header_letter_spacing=\u00bb2px\u00bb header_line_height=\u00bb2em\u00bb body_text_align=\u00bbleft\u00bb text_orientation=\u00bbcenter\u00bb background_layout=\u00bbdark\u00bb min_height=\u00bb34px\u00bb animation=\u00bboff\u00bb image_max_width=\u00bb40px\u00bb global_colors_info=\u00bb{}\u00bb]<\/p>\n<p><span>Nuestros clientes son nuestra prioridad y siempre estaremos dispuestos a ayudarlos en todo lo que podamos. Nos comprometemos a proporcionar una experiencia de servicio al cliente excelente, desde la primera llamada hasta la salida de nuestra tienda<\/span><\/p>\n<p>[\/et_pb_blurb][et_pb_blurb title=\u00bbIntegridad y transparencia\u00bb use_icon=\u00bbon\u00bb font_icon=\u00bb&#xf185;||fa||900&#8243; icon_color=\u00bb#d90102&#8243; image_icon_width=\u00bb40px\u00bb _builder_version=\u00bb4.20.2&#8243; header_font=\u00bb|700||on|||||\u00bb header_font_size=\u00bb14px\u00bb header_letter_spacing=\u00bb2px\u00bb header_line_height=\u00bb2em\u00bb body_text_align=\u00bbleft\u00bb text_orientation=\u00bbcenter\u00bb background_layout=\u00bbdark\u00bb min_height=\u00bb34px\u00bb animation=\u00bboff\u00bb image_max_width=\u00bb40px\u00bb global_colors_info=\u00bb{}\u00bb]<\/p>\n<p><span>Valoramos la integridad y la transparencia en todos los aspectos de nuestro negocio. Siempre somos honestos con los precios y no realizamos reparaciones innecesarias. Nuestros presupuestos son claros y detallados y nunca realizamos el servicio hasta que no hayan sido aprobados<\/span><\/p>\n<p>[\/et_pb_blurb][et_pb_blurb title=\u00bbSostenibilidad y responsabilidad sociaL\u00bb use_icon=\u00bbon\u00bb font_icon=\u00bb&#xf18c;||fa||400&#8243; icon_color=\u00bb#d90102&#8243; image_icon_width=\u00bb40px\u00bb _builder_version=\u00bb4.20.2&#8243; header_font=\u00bb|700||on|||||\u00bb header_font_size=\u00bb14px\u00bb header_letter_spacing=\u00bb2px\u00bb header_line_height=\u00bb2em\u00bb body_text_align=\u00bbleft\u00bb text_orientation=\u00bbcenter\u00bb background_layout=\u00bbdark\u00bb min_height=\u00bb34px\u00bb animation=\u00bboff\u00bb image_max_width=\u00bb40px\u00bb locked=\u00bboff\u00bb global_colors_info=\u00bb{}\u00bb]Nos preocupa el medio ambiente y nuestra comunidad. Por ello, intentamos hacer uso de materiales y energ\u00edas renovables siempre que sea posible. Tambi\u00e9n colaboramos con diferentes entidades para dar apoyo a causas sociales y comunitarias en nuestra \u00e1rea de influencia[\/et_pb_blurb][\/et_pb_column_inner][\/et_pb_row_inner][\/et_pb_column][\/et_pb_section]<\/p>","protected":false},"excerpt":{"rendered":"<p>Quienes somosBienvenidos a nuestra empresa de reparaci\u00f3n y venta de motos. Somos un equipo de especialistas entusiastas con amplia experiencia en el sector de la venta y reparaci\u00f3n de motocicletas. Adem\u00e1s de la reparaci\u00f3n, tambi\u00e9n ofrecemos una gran variedad de servicios como la mejora de las mismas, venta de motos reacondicionadas y venta de complementos [&hellip;]<\/p>","protected":false},"author":1,"featured_media":0,"parent":0,"menu_order":0,"comment_status":"closed","ping_status":"closed","template":"","meta":{"_et_pb_use_builder":"on","_et_pb_old_content":"","_et_gb_content_width":"","footnotes":""},"class_list":["post-137","page","type-page","status-publish","hentry"],"_links":{"self":[{"href":"https:\/\/motobox314.com\/en\/wp-json\/wp\/v2\/pages\/137","targetHints":{"allow":["GET"]}}],"collection":[{"href":"https:\/\/motobox314.com\/en\/wp-json\/wp\/v2\/pages"}],"about":[{"href":"https:\/\/motobox314.com\/en\/wp-json\/wp\/v2\/types\/page"}],"author":[{"embeddable":true,"href":"https:\/\/motobox314.com\/en\/wp-json\/wp\/v2\/users\/1"}],"replies":[{"embeddable":true,"href":"https:\/\/motobox314.com\/en\/wp-json\/wp\/v2\/comments?post=137"}],"version-history":[{"count":56,"href":"https:\/\/motobox314.com\/en\/wp-json\/wp\/v2\/pages\/137\/revisions"}],"predecessor-version":[{"id":916,"href":"https:\/\/motobox314.com\/en\/wp-json\/wp\/v2\/pages\/137\/revisions\/916"}],"wp:attachment":[{"href":"https:\/\/motobox314.com\/en\/wp-json\/wp\/v2\/media?parent=137"}],"curies":[{"name":"wp","href":"https:\/\/api.w.org\/{rel}","templated":true}]}}