{"id":3,"date":"2023-03-01T11:25:13","date_gmt":"2023-03-01T11:25:13","guid":{"rendered":"http:\/\/motobox314.com\/?page_id=3"},"modified":"2023-04-28T16:59:46","modified_gmt":"2023-04-28T16:59:46","slug":"politica-de-privacidad","status":"publish","type":"page","link":"https:\/\/motobox314.com\/en\/politica-de-privacidad","title":{"rendered":"Pol\u00edtica de privacidad"},"content":{"rendered":"<p>[et_pb_section fb_built=\u00bb1&#8243; custom_padding_last_edited=\u00bbon|tablet\u00bb admin_label=\u00bbHeader\u00bb _builder_version=\u00bb4.16&#8243; background_color=\u00bb#eaeaf1&#8243; use_background_color_gradient=\u00bbon\u00bb background_color_gradient_direction=\u00bb-67deg\u00bb background_color_gradient_stops=\u00bb#eaeaf1 20%|#ffffff 20%\u00bb background_color_gradient_start=\u00bb#eaeaf1&#8243; background_color_gradient_start_position=\u00bb20%\u00bb background_color_gradient_end=\u00bb#ffffff\u00bb background_color_gradient_end_position=\u00bb0%\u00bb background_position=\u00bbtop_left\u00bb custom_padding=\u00bb0|0px|100px|0px|false|false\u00bb custom_padding_tablet=\u00bb||0px\u00bb custom_padding_phone=\u00bb\u00bb locked=\u00bboff\u00bb global_colors_info=\u00bb{}\u00bb][et_pb_row column_structure=\u00bb1_2,1_2&#8243; _builder_version=\u00bb4.16&#8243; width=\u00bb90%\u00bb width_tablet=\u00bb80%\u00bb width_last_edited=\u00bboff|desktop\u00bb max_width=\u00bb1800px\u00bb module_alignment=\u00bbright\u00bb custom_padding=\u00bb0px||0||false|false\u00bb use_custom_width=\u00bbon\u00bb width_unit=\u00bboff\u00bb custom_width_percent=\u00bb90%\u00bb global_colors_info=\u00bb{}\u00bb][et_pb_column type=\u00bb1_2&#8243; _builder_version=\u00bb4.16&#8243; custom_padding=\u00bb|50px||\u00bb global_colors_info=\u00bb{}\u00bb custom_padding__hover=\u00bb|||\u00bb][et_pb_divider color=\u00bb#d90102&#8243; divider_weight=\u00bb80px\u00bb _builder_version=\u00bb4.21.0&#8243; transform_skew=\u00bb-22deg|0deg\u00bb transform_skew_linked=\u00bboff\u00bb height=\u00bb80px\u00bb custom_margin=\u00bb||60px|-20vw\u00bb custom_margin_tablet=\u00bb||30px\u00bb custom_margin_phone=\u00bb\u00bb custom_margin_last_edited=\u00bbon|tablet\u00bb locked=\u00bboff\u00bb global_colors_info=\u00bb{}\u00bb][\/et_pb_divider][et_pb_text _builder_version=\u00bb4.16&#8243; header_font=\u00bbKhand|700|on|on|||||\u00bb header_text_align=\u00bbleft\u00bb header_font_size=\u00bb8vw\u00bb transform_skew=\u00bb-6deg|0deg\u00bb transform_skew_linked=\u00bboff\u00bb custom_margin=\u00bb||0px|||\u00bb header_font_size_tablet=\u00bb100px\u00bb header_font_size_phone=\u00bb50px\u00bb header_font_size_last_edited=\u00bbon|phone\u00bb global_colors_info=\u00bb{}\u00bb]<\/p>\n<h1>Pol\u00edtica de privacidad<\/h1>\n<p>[\/et_pb_text][et_pb_divider color=\u00bb#f71635&#8243; divider_style=\u00bbdouble\u00bb divider_weight=\u00bb10px\u00bb _builder_version=\u00bb4.16&#8243; transform_skew=\u00bb-20deg|0deg\u00bb max_width=\u00bb100px\u00bb height=\u00bb10px\u00bb locked=\u00bboff\u00bb global_colors_info=\u00bb{}\u00bb][\/et_pb_divider][et_pb_text _builder_version=\u00bb4.21.0&#8243; text_font=\u00bb||||||||\u00bb text_font_size=\u00bb1rem\u00bb text_line_height=\u00bb2em\u00bb hover_enabled=\u00bb0&#8243; text_font_size_tablet=\u00bb\u00bb text_font_size_phone=\u00bb16px\u00bb text_font_size_last_edited=\u00bbon|phone\u00bb global_colors_info=\u00bb{}\u00bb text_orientation=\u00bbjustified\u00bb sticky_enabled=\u00bb0&#8243;]<\/p>\n<h3>Condiciones de Uso<\/h3>\n<p>Navegar por esta web es gratuito, e implica la aceptaci\u00f3n, sin reservas, de este Aviso Legal y sus condiciones. Lea atentamente cada vez que visite la web por si hubiera alg\u00fan cambio desde la \u00faltima visita.<\/p>\n<p>Al navegar por motobox314.com se estar\u00e1 usted comprometiendo a realizar un uso adecuado del sitio y de sus contenidos. No est\u00e1n permitidas actividades ilegales, il\u00edcitas o contrarias a la buena fe y al orden p\u00fablico o que puedan lesionar los intereses o perjudicar tanto la imagen de Motobox314 s.l. como la de terceros, que constituyan competencia desleal o, en general, que atenten contra lo establecido en este Aviso Legal.<\/p>\n<p>Motobox314 s.l. se reserva el derecho de actualizar, modificar o eliminar la informaci\u00f3n publicada en motobox314.es, pudiendo incluso limitar o impedir el acceso a la misma, en cualquier momento, a determinados usuarios y sin necesidad de previo aviso, en caso de detectar alg\u00fan comportamiento no permitido.<\/p>\n<h3>Garant\u00edas<\/h3>\n<p>Motobox314 s.l. realiza un gran esfuerzo por mantener la informaci\u00f3n que se publica en motobox314.com debidamente actualizada y sin errores; no obstante, Motobox314 s.l. no puede garantizar que la misma no adolezca de los mismos. En consecuencia, se exime a Motobox314 s.l. de cualquier responsabilidad por los errores u omisiones que pudieran figurar en su contenido, los cuales se compromete a corregir a la mayor brevedad, una vez los haya detectado. Si detecta alguno, agradeceremos nos lo comunique a fin de poder subsanarlo.<\/p>\n<h3>Enlaces<\/h3>\n<p>motobox314.com puede inclu\u00edr enlaces a otros sitios web que resulten de su inter\u00e9s, y gestionados por terceros, sobre los que Motobox314 s.l. no ejerce ning\u00fan tipo de control. Los incluimos simplemente para poner a su disposici\u00f3n informaci\u00f3n que consideramos puede ser de su inter\u00e9s, dada la tem\u00e1tica de la web. No obstante, la decisi\u00f3n de utilizarlos ser\u00e1 siempre exclusiva responsabilidad del Usuario.<\/p>\n<h3>Propiedad industrial e Intelectual<\/h3>\n<p>Los contenidos alojados en esta web han sido creados por Motobox314 s.l. y est\u00e1n protegidos por la normativa espa\u00f1ola en materia de propiedad industrial e intelectual, al igual que el nombre de dominio y cualquier otro contenido alojado en el mismo (textos, im\u00e1genes, sonidos, marcas, logotipos). Tales contenidos tambi\u00e9n podr\u00edan ser titularidad de terceros, de los que Motobox314 s.l. habr\u00e1 obtenido la correspondiente autorizaci\u00f3n para poder utilizarlos.<\/p>\n<h3>Pol\u00edtica de Privacidad<\/h3>\n<p>motobox314.com no recoge, con car\u00e1cter general, datos personales de los usuarios que visitan la web, salvo por lo establecido en su Pol\u00edtica de Cookies<\/p>\n<p>[\/et_pb_text][\/et_pb_column][et_pb_column type=\u00bb1_2&#8243; _builder_version=\u00bb4.16&#8243; custom_padding=\u00bb|||\u00bb global_colors_info=\u00bb{}\u00bb custom_padding__hover=\u00bb|||\u00bb][et_pb_image src=\u00bbhttps:\/\/motobox314.com\/wp-content\/uploads\/2023\/03\/mechanic-74-1.png\u00bb _builder_version=\u00bb4.21.0&#8243; _module_preset=\u00bbdefault\u00bb title_text=\u00bbmechanic-74-1&#8243; background_image=\u00bbhttps:\/\/motobox314.com\/wp-content\/uploads\/2023\/03\/reserva-cita.jpg\u00bb hover_enabled=\u00bb0&#8243; sticky_enabled=\u00bb0&#8243; custom_margin=\u00bb329px||||false|false\u00bb][\/et_pb_image][\/et_pb_column][\/et_pb_row][\/et_pb_section][et_pb_section fb_built=\u00bb1&#8243; specialty=\u00bbon\u00bb admin_label=\u00bbFAQ\u00bb _builder_version=\u00bb4.16&#8243; background_color=\u00bb#eaeaf1&#8243; background_image=\u00bbhttps:\/\/motobox314.com\/wp-content\/uploads\/2023\/03\/mechanic-80.png\u00bb background_size=\u00bbcontain\u00bb background_position=\u00bbbottom_right\u00bb custom_padding=\u00bb||0vw|||\u00bb global_colors_info=\u00bb{}\u00bb min_height=\u00bb332.4px\u00bb][et_pb_column type=\u00bb1_2&#8243; specialty_columns=\u00bb2&#8243; _builder_version=\u00bb4.16&#8243; custom_padding=\u00bb|||\u00bb global_colors_info=\u00bb{}\u00bb custom_padding__hover=\u00bb|||\u00bb][et_pb_row_inner _builder_version=\u00bb4.21.0&#8243; _module_preset=\u00bbdefault\u00bb][et_pb_column_inner saved_specialty_column_type=\u00bb1_2&#8243; _builder_version=\u00bb4.21.0&#8243; _module_preset=\u00bbdefault\u00bb][et_pb_image src=\u00bbhttps:\/\/motobox314.com\/wp-content\/uploads\/2023\/04\/kit-768&#215;93-1.png\u00bb title_text=\u00bbkit-768&#215;93&#8243; _builder_version=\u00bb4.21.0&#8243; _module_preset=\u00bbdefault\u00bb global_colors_info=\u00bb{}\u00bb][\/et_pb_image][\/et_pb_column_inner][\/et_pb_row_inner][\/et_pb_column][et_pb_column type=\u00bb1_2&#8243; _builder_version=\u00bb4.16&#8243; custom_padding=\u00bb|||\u00bb global_colors_info=\u00bb{}\u00bb custom_padding__hover=\u00bb|||\u00bb][\/et_pb_column][\/et_pb_section]<\/p>","protected":false},"excerpt":{"rendered":"<p>Pol\u00edtica de privacidadCondiciones de Uso Navegar por esta web es gratuito, e implica la aceptaci\u00f3n, sin reservas, de este Aviso Legal y sus condiciones. Lea atentamente cada vez que visite la web por si hubiera alg\u00fan cambio desde la \u00faltima visita. Al navegar por motobox314.com se estar\u00e1 usted comprometiendo a realizar un uso adecuado del [&hellip;]<\/p>","protected":false},"author":1,"featured_media":0,"parent":0,"menu_order":0,"comment_status":"closed","ping_status":"closed","template":"","meta":{"_et_pb_use_builder":"on","_et_pb_old_content":"<!-- wp:heading -->\r\n<h2>Who we are<\/h2>\r\n<!-- \/wp:heading --><!-- wp:paragraph -->\r\n<p><strong class=\"privacy-policy-tutorial\">Suggested text: <\/strong>Our website address is: https:\/\/motobox314.com.<\/p>\r\n<!-- \/wp:paragraph --><!-- wp:heading -->\r\n<h2>Comments<\/h2>\r\n<!-- \/wp:heading --><!-- wp:paragraph -->\r\n<p><strong class=\"privacy-policy-tutorial\">Suggested text: <\/strong>When visitors leave comments on the site we collect the data shown in the comments form, and also the visitor\u2019s IP address and browser user agent string to help spam detection.<\/p>\r\n<!-- \/wp:paragraph --><!-- wp:paragraph -->\r\n<p>An anonymized string created from your email address (also called a hash) may be provided to the Gravatar service to see if you are using it. The Gravatar service privacy policy is available here: https:\/\/automattic.com\/privacy\/. After approval of your comment, your profile picture is visible to the public in the context of your comment.<\/p>\r\n<!-- \/wp:paragraph --><!-- wp:heading -->\r\n<h2>Media<\/h2>\r\n<!-- \/wp:heading --><!-- wp:paragraph -->\r\n<p><strong class=\"privacy-policy-tutorial\">Suggested text: <\/strong>If you upload images to the website, you should avoid uploading images with embedded location data (EXIF GPS) included. Visitors to the website can download and extract any location data from images on the website.<\/p>\r\n<!-- \/wp:paragraph --><!-- wp:heading -->\r\n<h2>Cookies<\/h2>\r\n<!-- \/wp:heading --><!-- wp:paragraph -->\r\n<p><strong class=\"privacy-policy-tutorial\">Suggested text: <\/strong>If you leave a comment on our site you may opt-in to saving your name, email address and website in cookies. These are for your convenience so that you do not have to fill in your details again when you leave another comment. These cookies will last for one year.<\/p>\r\n<!-- \/wp:paragraph --><!-- wp:paragraph -->\r\n<p>If you visit our login page, we will set a temporary cookie to determine if your browser accepts cookies. This cookie contains no personal data and is discarded when you close your browser.<\/p>\r\n<!-- \/wp:paragraph --><!-- wp:paragraph -->\r\n<p>When you log in, we will also set up several cookies to save your login information and your screen display choices. Login cookies last for two days, and screen options cookies last for a year. If you select \"Remember Me\", your login will persist for two weeks. If you log out of your account, the login cookies will be removed.<\/p>\r\n<!-- \/wp:paragraph --><!-- wp:paragraph -->\r\n<p>If you edit or publish an article, an additional cookie will be saved in your browser. This cookie includes no personal data and simply indicates the post ID of the article you just edited. It expires after 1 day.<\/p>\r\n<!-- \/wp:paragraph --><!-- wp:heading -->\r\n<h2>Embedded content from other websites<\/h2>\r\n<!-- \/wp:heading --><!-- wp:paragraph -->\r\n<p><strong class=\"privacy-policy-tutorial\">Suggested text: <\/strong>Articles on this site may include embedded content (e.g. videos, images, articles, etc.). Embedded content from other websites behaves in the exact same way as if the visitor has visited the other website.<\/p>\r\n<!-- \/wp:paragraph --><!-- wp:paragraph -->\r\n<p>These websites may collect data about you, use cookies, embed additional third-party tracking, and monitor your interaction with that embedded content, including tracking your interaction with the embedded content if you have an account and are logged in to that website.<\/p>\r\n<!-- \/wp:paragraph --><!-- wp:heading -->\r\n<h2>Who we share your data with<\/h2>\r\n<!-- \/wp:heading --><!-- wp:paragraph -->\r\n<p><strong class=\"privacy-policy-tutorial\">Suggested text: <\/strong>If you request a password reset, your IP address will be included in the reset email.<\/p>\r\n<!-- \/wp:paragraph --><!-- wp:heading -->\r\n<h2>How long we retain your data<\/h2>\r\n<!-- \/wp:heading --><!-- wp:paragraph -->\r\n<p><strong class=\"privacy-policy-tutorial\">Suggested text: <\/strong>If you leave a comment, the comment and its metadata are retained indefinitely. This is so we can recognize and approve any follow-up comments automatically instead of holding them in a moderation queue.<\/p>\r\n<!-- \/wp:paragraph --><!-- wp:paragraph -->\r\n<p>For users that register on our website (if any), we also store the personal information they provide in their user profile. All users can see, edit, or delete their personal information at any time (except they cannot change their username). Website administrators can also see and edit that information.<\/p>\r\n<!-- \/wp:paragraph --><!-- wp:heading -->\r\n<h2>What rights you have over your data<\/h2>\r\n<!-- \/wp:heading --><!-- wp:paragraph -->\r\n<p><strong class=\"privacy-policy-tutorial\">Suggested text: <\/strong>If you have an account on this site, or have left comments, you can request to receive an exported file of the personal data we hold about you, including any data you have provided to us. You can also request that we erase any personal data we hold about you. This does not include any data we are obliged to keep for administrative, legal, or security purposes.<\/p>\r\n<!-- \/wp:paragraph --><!-- wp:heading -->\r\n<h2>Where your data is sent<\/h2>\r\n<!-- \/wp:heading --><!-- wp:paragraph -->\r\n<p><strong class=\"privacy-policy-tutorial\">Suggested text: <\/strong>Visitor comments may be checked through an automated spam detection service.<\/p>\r\n<!-- \/wp:paragraph -->","_et_gb_content_width":"","footnotes":""},"class_list":["post-3","page","type-page","status-publish","hentry"],"_links":{"self":[{"href":"https:\/\/motobox314.com\/en\/wp-json\/wp\/v2\/pages\/3","targetHints":{"allow":["GET"]}}],"collection":[{"href":"https:\/\/motobox314.com\/en\/wp-json\/wp\/v2\/pages"}],"about":[{"href":"https:\/\/motobox314.com\/en\/wp-json\/wp\/v2\/types\/page"}],"author":[{"embeddable":true,"href":"https:\/\/motobox314.com\/en\/wp-json\/wp\/v2\/users\/1"}],"replies":[{"embeddable":true,"href":"https:\/\/motobox314.com\/en\/wp-json\/wp\/v2\/comments?post=3"}],"version-history":[{"count":15,"href":"https:\/\/motobox314.com\/en\/wp-json\/wp\/v2\/pages\/3\/revisions"}],"predecessor-version":[{"id":871,"href":"https:\/\/motobox314.com\/en\/wp-json\/wp\/v2\/pages\/3\/revisions\/871"}],"wp:attachment":[{"href":"https:\/\/motobox314.com\/en\/wp-json\/wp\/v2\/media?parent=3"}],"curies":[{"name":"wp","href":"https:\/\/api.w.org\/{rel}","templated":true}]}}